{"id":16,"date":"2024-01-06T18:22:12","date_gmt":"2024-01-06T18:22:12","guid":{"rendered":"https:\/\/lassadam.com\/fr\/?page_id=16"},"modified":"2025-11-05T18:02:03","modified_gmt":"2025-11-05T18:02:03","slug":"qui-sommes-nous","status":"publish","type":"page","link":"https:\/\/lassadam.com\/fr\/qui-sommes-nous\/","title":{"rendered":"QUI SOMMES-NOUS"},"content":{"rendered":"\t\t<div data-elementor-type=\"wp-page\" data-elementor-id=\"16\" class=\"elementor elementor-16\">\n\t\t\t\t<div class=\"elementor-element elementor-element-120cd01 e-con-full e-flex e-con e-parent\" data-id=\"120cd01\" data-element_type=\"container\" data-settings=\"{&quot;background_background&quot;:&quot;classic&quot;}\">\n\t\t\t\t<div class=\"elementor-element elementor-element-bded3e2 elementor-widget elementor-widget-heading\" data-id=\"bded3e2\" data-element_type=\"widget\" data-widget_type=\"heading.default\">\n\t\t\t\t<div class=\"elementor-widget-container\">\n\t\t\t\t\t<h3 class=\"elementor-heading-title elementor-size-xl\">Qui sommes-nous?<\/h3>\t\t\t\t<\/div>\n\t\t\t\t<\/div>\n\t\t\t\t<\/div>\n\t\t<div class=\"elementor-element elementor-element-16b4236 e-flex e-con-boxed e-con e-parent\" data-id=\"16b4236\" data-element_type=\"container\">\n\t\t\t\t\t<div class=\"e-con-inner\">\n\t\t\t\t<div class=\"elementor-element elementor-element-3630fec elementor-widget elementor-widget-heading\" data-id=\"3630fec\" data-element_type=\"widget\" data-widget_type=\"heading.default\">\n\t\t\t\t<div class=\"elementor-widget-container\">\n\t\t\t\t\t<h1 class=\"elementor-heading-title elementor-size-default\">LASSADAM GRILLAGE <\/h1>\t\t\t\t<\/div>\n\t\t\t\t<\/div>\n\t\t\t\t<div class=\"elementor-element elementor-element-70f28d9 elementor-widget-divider--view-line elementor-widget elementor-widget-divider\" data-id=\"70f28d9\" data-element_type=\"widget\" data-widget_type=\"divider.default\">\n\t\t\t\t<div class=\"elementor-widget-container\">\n\t\t\t\t\t\t\t<div class=\"elementor-divider\">\n\t\t\t<span class=\"elementor-divider-separator\">\n\t\t\t\t\t\t<\/span>\n\t\t<\/div>\n\t\t\t\t\t\t<\/div>\n\t\t\t\t<\/div>\n\t\t\t\t\t<\/div>\n\t\t\t\t<\/div>\n\t\t<div class=\"elementor-element elementor-element-f98f07e e-flex e-con-boxed e-con e-parent\" data-id=\"f98f07e\" data-element_type=\"container\">\n\t\t\t\t\t<div class=\"e-con-inner\">\n\t\t<div class=\"elementor-element elementor-element-e0023c8 e-con-full e-flex e-con e-child\" data-id=\"e0023c8\" data-element_type=\"container\">\n\t\t\t\t<div class=\"elementor-element elementor-element-68dbde4 elementor-widget elementor-widget-text-editor\" data-id=\"68dbde4\" data-element_type=\"widget\" data-widget_type=\"text-editor.default\">\n\t\t\t\t<div class=\"elementor-widget-container\">\n\t\t\t\t\t\t\t\t\t<p style=\"text-align: left;\">\u00a0LassadaM Grillage est une entreprise marocaine ambitieuse sp\u00e9cialis\u00e9e dans la cl\u00f4ture des terres agricoles, des installations industrielles, des terrains de sport avec des cl\u00f4tures grillag\u00e9es et la construction de murs. Au cours de douze ans de travail acharn\u00e9, gr\u00e2ce \u00e0 Dieu, nous avons accumul\u00e9 beaucoup d&rsquo;exp\u00e9riences et de comp\u00e9tences tout en cl\u00f4turant et en s\u00e9curisant les biens de nos fid\u00e8les clients. Notre \u00e9quipe de six professionnels et formateurs se distingue par son s\u00e9rieux et son respect des \u00e9thiques professionnelles, ce qui se refl\u00e8te dans la qualit\u00e9 des cl\u00f4tures que nous installons.<\/p>\t\t\t\t\t\t\t\t<\/div>\n\t\t\t\t<\/div>\n\t\t\t\t<\/div>\n\t\t<div class=\"elementor-element elementor-element-d944898 e-con-full e-flex e-con e-child\" data-id=\"d944898\" data-element_type=\"container\">\n\t\t\t\t<div class=\"elementor-element elementor-element-73a1c8e elementor-widget elementor-widget-image\" data-id=\"73a1c8e\" data-element_type=\"widget\" data-widget_type=\"image.default\">\n\t\t\t\t<div class=\"elementor-widget-container\">\n\t\t\t\t\t\t\t\t\t\t\t\t\t\t\t<img fetchpriority=\"high\" decoding=\"async\" width=\"1024\" height=\"773\" src=\"https:\/\/lassadam.com\/fr\/wp-content\/uploads\/2024\/01\/IMG_\u0662\u0660\u0662\u0665\u0660\u0662\u0661\u0663_\u0661\u0668\u0664\u0666\u0665\u0667-1024x773.jpg\" class=\"attachment-large size-large wp-image-3863\" alt=\"tarif pose cl\u00f4ture agricole\" srcset=\"https:\/\/lassadam.com\/fr\/wp-content\/uploads\/2024\/01\/IMG_\u0662\u0660\u0662\u0665\u0660\u0662\u0661\u0663_\u0661\u0668\u0664\u0666\u0665\u0667-1024x773.jpg 1024w, https:\/\/lassadam.com\/fr\/wp-content\/uploads\/2024\/01\/IMG_\u0662\u0660\u0662\u0665\u0660\u0662\u0661\u0663_\u0661\u0668\u0664\u0666\u0665\u0667-300x227.jpg 300w, https:\/\/lassadam.com\/fr\/wp-content\/uploads\/2024\/01\/IMG_\u0662\u0660\u0662\u0665\u0660\u0662\u0661\u0663_\u0661\u0668\u0664\u0666\u0665\u0667-768x580.jpg 768w, https:\/\/lassadam.com\/fr\/wp-content\/uploads\/2024\/01\/IMG_\u0662\u0660\u0662\u0665\u0660\u0662\u0661\u0663_\u0661\u0668\u0664\u0666\u0665\u0667-1536x1160.jpg 1536w, https:\/\/lassadam.com\/fr\/wp-content\/uploads\/2024\/01\/IMG_\u0662\u0660\u0662\u0665\u0660\u0662\u0661\u0663_\u0661\u0668\u0664\u0666\u0665\u0667.jpg 1576w\" sizes=\"(max-width: 1024px) 100vw, 1024px\" \/>\t\t\t\t\t\t\t\t\t\t\t\t\t\t\t<\/div>\n\t\t\t\t<\/div>\n\t\t\t\t<\/div>\n\t\t\t\t\t<\/div>\n\t\t\t\t<\/div>\n\t\t\t\t<\/div>\n\t\t","protected":false},"excerpt":{"rendered":"<p>Qui sommes-nous? LASSADAM GRILLAGE \u00a0LassadaM Grillage est une entreprise marocaine ambitieuse sp\u00e9cialis\u00e9e dans la cl\u00f4ture des terres agricoles, des installations industrielles, des terrains de sport avec des cl\u00f4tures grillag\u00e9es et la construction de murs. Au cours de douze ans de travail acharn\u00e9, gr\u00e2ce \u00e0 Dieu, nous avons accumul\u00e9 beaucoup d&rsquo;exp\u00e9riences et de comp\u00e9tences tout en [&hellip;]<\/p>\n","protected":false},"author":1,"featured_media":831,"parent":0,"menu_order":0,"comment_status":"closed","ping_status":"closed","template":"elementor_header_footer","meta":{"ocean_post_layout":"full-width","ocean_both_sidebars_style":"","ocean_both_sidebars_content_width":0,"ocean_both_sidebars_sidebars_width":0,"ocean_sidebar":"0","ocean_second_sidebar":"0","ocean_disable_margins":"enable","ocean_add_body_class":"","ocean_shortcode_before_top_bar":"","ocean_shortcode_after_top_bar":"","ocean_shortcode_before_header":"","ocean_shortcode_after_header":"","ocean_has_shortcode":"","ocean_shortcode_after_title":"","ocean_shortcode_before_footer_widgets":"","ocean_shortcode_after_footer_widgets":"","ocean_shortcode_before_footer_bottom":"","ocean_shortcode_after_footer_bottom":"","ocean_display_top_bar":"off","ocean_display_header":"default","ocean_header_style":"minimal","ocean_center_header_left_menu":"0","ocean_custom_header_template":"0","ocean_custom_logo":0,"ocean_custom_retina_logo":0,"ocean_custom_logo_max_width":0,"ocean_custom_logo_tablet_max_width":0,"ocean_custom_logo_mobile_max_width":0,"ocean_custom_logo_max_height":0,"ocean_custom_logo_tablet_max_height":0,"ocean_custom_logo_mobile_max_height":0,"ocean_header_custom_menu":"0","ocean_menu_typo_font_family":"0","ocean_menu_typo_font_subset":"","ocean_menu_typo_font_size":0,"ocean_menu_typo_font_size_tablet":0,"ocean_menu_typo_font_size_mobile":0,"ocean_menu_typo_font_size_unit":"px","ocean_menu_typo_font_weight":"","ocean_menu_typo_font_weight_tablet":"","ocean_menu_typo_font_weight_mobile":"","ocean_menu_typo_transform":"","ocean_menu_typo_transform_tablet":"","ocean_menu_typo_transform_mobile":"","ocean_menu_typo_line_height":0,"ocean_menu_typo_line_height_tablet":0,"ocean_menu_typo_line_height_mobile":0,"ocean_menu_typo_line_height_unit":"","ocean_menu_typo_spacing":0,"ocean_menu_typo_spacing_tablet":0,"ocean_menu_typo_spacing_mobile":0,"ocean_menu_typo_spacing_unit":"","ocean_menu_link_color":"","ocean_menu_link_color_hover":"","ocean_menu_link_color_active":"","ocean_menu_link_background":"","ocean_menu_link_hover_background":"","ocean_menu_link_active_background":"","ocean_menu_social_links_bg":"","ocean_menu_social_hover_links_bg":"","ocean_menu_social_links_color":"","ocean_menu_social_hover_links_color":"","ocean_disable_title":"on","ocean_disable_heading":"default","ocean_post_title":"","ocean_post_subheading":"","ocean_post_title_style":"","ocean_post_title_background_color":"","ocean_post_title_background":0,"ocean_post_title_bg_image_position":"","ocean_post_title_bg_image_attachment":"","ocean_post_title_bg_image_repeat":"","ocean_post_title_bg_image_size":"","ocean_post_title_height":0,"ocean_post_title_bg_overlay":0.5,"ocean_post_title_bg_overlay_color":"","ocean_disable_breadcrumbs":"off","ocean_breadcrumbs_color":"","ocean_breadcrumbs_separator_color":"","ocean_breadcrumbs_links_color":"","ocean_breadcrumbs_links_hover_color":"","ocean_display_footer_widgets":"default","ocean_display_footer_bottom":"off","ocean_custom_footer_template":"0","footnotes":""},"class_list":["post-16","page","type-page","status-publish","has-post-thumbnail","hentry","entry","has-media"],"yoast_head":"<!-- This site is optimized with the Yoast SEO plugin v24.4 - https:\/\/yoast.com\/wordpress\/plugins\/seo\/ -->\n<title>QUI SOMMES-NOUS<\/title>\n<meta name=\"description\" content=\"LassadaM Grillage est une entreprise marocaine ambitieuse sp\u00e9cialis\u00e9e dans la cl\u00f4ture des terres agricoles, des installations industrielles...\" \/>\n<meta name=\"robots\" content=\"index, follow, max-snippet:-1, max-image-preview:large, max-video-preview:-1\" \/>\n<link rel=\"canonical\" href=\"https:\/\/lassadam.com\/fr\/qui-sommes-nous\/\" \/>\n<meta property=\"og:locale\" content=\"fr_FR\" \/>\n<meta property=\"og:type\" content=\"article\" \/>\n<meta property=\"og:title\" content=\"QUI SOMMES-NOUS\" \/>\n<meta property=\"og:description\" content=\"LassadaM Grillage est une entreprise marocaine ambitieuse sp\u00e9cialis\u00e9e dans la cl\u00f4ture des terres agricoles, des installations industrielles...\" \/>\n<meta property=\"og:url\" content=\"https:\/\/lassadam.com\/fr\/qui-sommes-nous\/\" \/>\n<meta property=\"og:site_name\" content=\"Lassadam Grillage - sp\u00e9cialis\u00e9 dans la cl\u00f4ture des terres agricoles et la construction de cl\u00f4tures au Maroc\" \/>\n<meta property=\"article:publisher\" content=\"https:\/\/www.facebook.com\/grillage.lassadam\" \/>\n<meta property=\"article:modified_time\" content=\"2025-11-05T18:02:03+00:00\" \/>\n<meta property=\"og:image\" content=\"https:\/\/lassadam.com\/fr\/wp-content\/uploads\/2024\/02\/\u0635\u0648\u0631\u0629-\u0648\u0627\u062a\u0633\u0627\u0628-\u0628\u062a\u0627\u0631\u064a\u062e-1445-07-23-\u0641\u064a-14.06.41_98ffc8c8.jpg\" \/>\n\t<meta property=\"og:image:width\" content=\"1560\" \/>\n\t<meta property=\"og:image:height\" content=\"1560\" \/>\n\t<meta property=\"og:image:type\" content=\"image\/jpeg\" \/>\n<meta name=\"twitter:card\" content=\"summary_large_image\" \/>\n<meta name=\"twitter:label1\" content=\"Dur\u00e9e de lecture estim\u00e9e\" \/>\n\t<meta name=\"twitter:data1\" content=\"1 minute\" \/>\n<script type=\"application\/ld+json\" class=\"yoast-schema-graph\">{\"@context\":\"https:\/\/schema.org\",\"@graph\":[{\"@type\":\"WebPage\",\"@id\":\"https:\/\/lassadam.com\/fr\/qui-sommes-nous\/\",\"url\":\"https:\/\/lassadam.com\/fr\/qui-sommes-nous\/\",\"name\":\"QUI SOMMES-NOUS\",\"isPartOf\":{\"@id\":\"https:\/\/lassadam.com\/fr\/#website\"},\"primaryImageOfPage\":{\"@id\":\"https:\/\/lassadam.com\/fr\/qui-sommes-nous\/#primaryimage\"},\"image\":{\"@id\":\"https:\/\/lassadam.com\/fr\/qui-sommes-nous\/#primaryimage\"},\"thumbnailUrl\":\"https:\/\/lassadam.com\/fr\/wp-content\/uploads\/2024\/02\/\u0635\u0648\u0631\u0629-\u0648\u0627\u062a\u0633\u0627\u0628-\u0628\u062a\u0627\u0631\u064a\u062e-1445-07-23-\u0641\u064a-14.06.41_98ffc8c8.jpg\",\"datePublished\":\"2024-01-06T18:22:12+00:00\",\"dateModified\":\"2025-11-05T18:02:03+00:00\",\"description\":\"LassadaM Grillage est une entreprise marocaine ambitieuse sp\u00e9cialis\u00e9e dans la cl\u00f4ture des terres agricoles, des installations industrielles...\",\"breadcrumb\":{\"@id\":\"https:\/\/lassadam.com\/fr\/qui-sommes-nous\/#breadcrumb\"},\"inLanguage\":\"fr-FR\",\"potentialAction\":[{\"@type\":\"ReadAction\",\"target\":[\"https:\/\/lassadam.com\/fr\/qui-sommes-nous\/\"]}]},{\"@type\":\"ImageObject\",\"inLanguage\":\"fr-FR\",\"@id\":\"https:\/\/lassadam.com\/fr\/qui-sommes-nous\/#primaryimage\",\"url\":\"https:\/\/lassadam.com\/fr\/wp-content\/uploads\/2024\/02\/\u0635\u0648\u0631\u0629-\u0648\u0627\u062a\u0633\u0627\u0628-\u0628\u062a\u0627\u0631\u064a\u062e-1445-07-23-\u0641\u064a-14.06.41_98ffc8c8.jpg\",\"contentUrl\":\"https:\/\/lassadam.com\/fr\/wp-content\/uploads\/2024\/02\/\u0635\u0648\u0631\u0629-\u0648\u0627\u062a\u0633\u0627\u0628-\u0628\u062a\u0627\u0631\u064a\u062e-1445-07-23-\u0641\u064a-14.06.41_98ffc8c8.jpg\",\"width\":1560,\"height\":1560,\"caption\":\"\u0634\u062e\u0635 \u0645\u0639 \u0634\u0628\u0643 \u0627\u0644\u0645\u0639\u062f\u064a\u0646\u064a\"},{\"@type\":\"BreadcrumbList\",\"@id\":\"https:\/\/lassadam.com\/fr\/qui-sommes-nous\/#breadcrumb\",\"itemListElement\":[{\"@type\":\"ListItem\",\"position\":1,\"name\":\"\u0627\u0644\u0631\u0626\u064a\u0633\u064a\u0629\",\"item\":\"https:\/\/lassadam.com\/fr\/\"},{\"@type\":\"ListItem\",\"position\":2,\"name\":\"QUI SOMMES-NOUS\"}]},{\"@type\":\"WebSite\",\"@id\":\"https:\/\/lassadam.com\/fr\/#website\",\"url\":\"https:\/\/lassadam.com\/fr\/\",\"name\":\"LassadaM Grillage\",\"description\":\"grillage maroc\",\"publisher\":{\"@id\":\"https:\/\/lassadam.com\/fr\/#organization\"},\"alternateName\":\"lassadam grillage\",\"potentialAction\":[{\"@type\":\"SearchAction\",\"target\":{\"@type\":\"EntryPoint\",\"urlTemplate\":\"https:\/\/lassadam.com\/fr\/?s={search_term_string}\"},\"query-input\":{\"@type\":\"PropertyValueSpecification\",\"valueRequired\":true,\"valueName\":\"search_term_string\"}}],\"inLanguage\":\"fr-FR\"},{\"@type\":\"Organization\",\"@id\":\"https:\/\/lassadam.com\/fr\/#organization\",\"name\":\"LassadaM Grillage\",\"alternateName\":\"Grillage Maroc\",\"url\":\"https:\/\/lassadam.com\/fr\/\",\"logo\":{\"@type\":\"ImageObject\",\"inLanguage\":\"fr-FR\",\"@id\":\"https:\/\/lassadam.com\/fr\/#\/schema\/logo\/image\/\",\"url\":\"https:\/\/lassadam.com\/fr\/wp-content\/uploads\/2025\/05\/favicon.png\",\"contentUrl\":\"https:\/\/lassadam.com\/fr\/wp-content\/uploads\/2025\/05\/favicon.png\",\"width\":512,\"height\":512,\"caption\":\"LassadaM Grillage\"},\"image\":{\"@id\":\"https:\/\/lassadam.com\/fr\/#\/schema\/logo\/image\/\"},\"sameAs\":[\"https:\/\/www.facebook.com\/grillage.lassadam\"]}]}<\/script>\n<!-- \/ Yoast SEO plugin. -->","yoast_head_json":{"title":"QUI SOMMES-NOUS","description":"LassadaM Grillage est une entreprise marocaine ambitieuse sp\u00e9cialis\u00e9e dans la cl\u00f4ture des terres agricoles, des installations industrielles...","robots":{"index":"index","follow":"follow","max-snippet":"max-snippet:-1","max-image-preview":"max-image-preview:large","max-video-preview":"max-video-preview:-1"},"canonical":"https:\/\/lassadam.com\/fr\/qui-sommes-nous\/","og_locale":"fr_FR","og_type":"article","og_title":"QUI SOMMES-NOUS","og_description":"LassadaM Grillage est une entreprise marocaine ambitieuse sp\u00e9cialis\u00e9e dans la cl\u00f4ture des terres agricoles, des installations industrielles...","og_url":"https:\/\/lassadam.com\/fr\/qui-sommes-nous\/","og_site_name":"Lassadam Grillage - sp\u00e9cialis\u00e9 dans la cl\u00f4ture des terres agricoles et la construction de cl\u00f4tures au Maroc","article_publisher":"https:\/\/www.facebook.com\/grillage.lassadam","article_modified_time":"2025-11-05T18:02:03+00:00","og_image":[{"width":1560,"height":1560,"url":"https:\/\/lassadam.com\/fr\/wp-content\/uploads\/2024\/02\/\u0635\u0648\u0631\u0629-\u0648\u0627\u062a\u0633\u0627\u0628-\u0628\u062a\u0627\u0631\u064a\u062e-1445-07-23-\u0641\u064a-14.06.41_98ffc8c8.jpg","type":"image\/jpeg"}],"twitter_card":"summary_large_image","twitter_misc":{"Dur\u00e9e de lecture estim\u00e9e":"1 minute"},"schema":{"@context":"https:\/\/schema.org","@graph":[{"@type":"WebPage","@id":"https:\/\/lassadam.com\/fr\/qui-sommes-nous\/","url":"https:\/\/lassadam.com\/fr\/qui-sommes-nous\/","name":"QUI SOMMES-NOUS","isPartOf":{"@id":"https:\/\/lassadam.com\/fr\/#website"},"primaryImageOfPage":{"@id":"https:\/\/lassadam.com\/fr\/qui-sommes-nous\/#primaryimage"},"image":{"@id":"https:\/\/lassadam.com\/fr\/qui-sommes-nous\/#primaryimage"},"thumbnailUrl":"https:\/\/lassadam.com\/fr\/wp-content\/uploads\/2024\/02\/\u0635\u0648\u0631\u0629-\u0648\u0627\u062a\u0633\u0627\u0628-\u0628\u062a\u0627\u0631\u064a\u062e-1445-07-23-\u0641\u064a-14.06.41_98ffc8c8.jpg","datePublished":"2024-01-06T18:22:12+00:00","dateModified":"2025-11-05T18:02:03+00:00","description":"LassadaM Grillage est une entreprise marocaine ambitieuse sp\u00e9cialis\u00e9e dans la cl\u00f4ture des terres agricoles, des installations industrielles...","breadcrumb":{"@id":"https:\/\/lassadam.com\/fr\/qui-sommes-nous\/#breadcrumb"},"inLanguage":"fr-FR","potentialAction":[{"@type":"ReadAction","target":["https:\/\/lassadam.com\/fr\/qui-sommes-nous\/"]}]},{"@type":"ImageObject","inLanguage":"fr-FR","@id":"https:\/\/lassadam.com\/fr\/qui-sommes-nous\/#primaryimage","url":"https:\/\/lassadam.com\/fr\/wp-content\/uploads\/2024\/02\/\u0635\u0648\u0631\u0629-\u0648\u0627\u062a\u0633\u0627\u0628-\u0628\u062a\u0627\u0631\u064a\u062e-1445-07-23-\u0641\u064a-14.06.41_98ffc8c8.jpg","contentUrl":"https:\/\/lassadam.com\/fr\/wp-content\/uploads\/2024\/02\/\u0635\u0648\u0631\u0629-\u0648\u0627\u062a\u0633\u0627\u0628-\u0628\u062a\u0627\u0631\u064a\u062e-1445-07-23-\u0641\u064a-14.06.41_98ffc8c8.jpg","width":1560,"height":1560,"caption":"\u0634\u062e\u0635 \u0645\u0639 \u0634\u0628\u0643 \u0627\u0644\u0645\u0639\u062f\u064a\u0646\u064a"},{"@type":"BreadcrumbList","@id":"https:\/\/lassadam.com\/fr\/qui-sommes-nous\/#breadcrumb","itemListElement":[{"@type":"ListItem","position":1,"name":"\u0627\u0644\u0631\u0626\u064a\u0633\u064a\u0629","item":"https:\/\/lassadam.com\/fr\/"},{"@type":"ListItem","position":2,"name":"QUI SOMMES-NOUS"}]},{"@type":"WebSite","@id":"https:\/\/lassadam.com\/fr\/#website","url":"https:\/\/lassadam.com\/fr\/","name":"LassadaM Grillage","description":"grillage maroc","publisher":{"@id":"https:\/\/lassadam.com\/fr\/#organization"},"alternateName":"lassadam grillage","potentialAction":[{"@type":"SearchAction","target":{"@type":"EntryPoint","urlTemplate":"https:\/\/lassadam.com\/fr\/?s={search_term_string}"},"query-input":{"@type":"PropertyValueSpecification","valueRequired":true,"valueName":"search_term_string"}}],"inLanguage":"fr-FR"},{"@type":"Organization","@id":"https:\/\/lassadam.com\/fr\/#organization","name":"LassadaM Grillage","alternateName":"Grillage Maroc","url":"https:\/\/lassadam.com\/fr\/","logo":{"@type":"ImageObject","inLanguage":"fr-FR","@id":"https:\/\/lassadam.com\/fr\/#\/schema\/logo\/image\/","url":"https:\/\/lassadam.com\/fr\/wp-content\/uploads\/2025\/05\/favicon.png","contentUrl":"https:\/\/lassadam.com\/fr\/wp-content\/uploads\/2025\/05\/favicon.png","width":512,"height":512,"caption":"LassadaM Grillage"},"image":{"@id":"https:\/\/lassadam.com\/fr\/#\/schema\/logo\/image\/"},"sameAs":["https:\/\/www.facebook.com\/grillage.lassadam"]}]}},"_links":{"self":[{"href":"https:\/\/lassadam.com\/fr\/wp-json\/wp\/v2\/pages\/16","targetHints":{"allow":["GET"]}}],"collection":[{"href":"https:\/\/lassadam.com\/fr\/wp-json\/wp\/v2\/pages"}],"about":[{"href":"https:\/\/lassadam.com\/fr\/wp-json\/wp\/v2\/types\/page"}],"author":[{"embeddable":true,"href":"https:\/\/lassadam.com\/fr\/wp-json\/wp\/v2\/users\/1"}],"replies":[{"embeddable":true,"href":"https:\/\/lassadam.com\/fr\/wp-json\/wp\/v2\/comments?post=16"}],"version-history":[{"count":142,"href":"https:\/\/lassadam.com\/fr\/wp-json\/wp\/v2\/pages\/16\/revisions"}],"predecessor-version":[{"id":4609,"href":"https:\/\/lassadam.com\/fr\/wp-json\/wp\/v2\/pages\/16\/revisions\/4609"}],"wp:featuredmedia":[{"embeddable":true,"href":"https:\/\/lassadam.com\/fr\/wp-json\/wp\/v2\/media\/831"}],"wp:attachment":[{"href":"https:\/\/lassadam.com\/fr\/wp-json\/wp\/v2\/media?parent=16"}],"curies":[{"name":"wp","href":"https:\/\/api.w.org\/{rel}","templated":true}]}}